{"id":2,"date":"2023-12-23T15:06:53","date_gmt":"2023-12-23T12:06:53","guid":{"rendered":"http:\/\/mersindoktorklinik.com\/?page_id=2"},"modified":"2023-12-29T00:40:21","modified_gmt":"2023-12-28T21:40:21","slug":"hakkimizda","status":"publish","type":"page","link":"https:\/\/mersindoktorklinik.com\/?page_id=2","title":{"rendered":"Hakk\u0131m\u0131zda"},"content":{"rendered":"\n<blockquote class=\"wp-block-quote\">\n<p>        Sizlerin Daima Sa\u011fl\u0131\u011f\u0131n\u0131 D\u00fc\u015f\u00fcnen Bir I\u015fletme Olarak Her T\u00fcrl\u00fc Sa\u011fl\u0131k Hizmetlerini Sizlere Sunmaktay\u0131z. T\u00fcm D\u00fcnya\u2019n\u0131n G\u00fcn Ge\u00e7tik\u00e7e Daha \u00c7ok Sava\u015ft\u0131\u011f\u0131 Bu Sekt\u00f6rde Uzman Kadromuz Ile Sizler I\u00e7in Daima I\u015f Ba\u015f\u0131nday\u0131z. \u0130stedi\u011finiz Zaman Gelerek T\u00fcm Sa\u011fl\u0131k Hizmetlerimizden Yararlanabilirsiniz. Acil Tedavi Gerektirecek Hastal\u0131klarda Uzman Ekibimiz Sizlere An\u0131nda M\u00fcdahale Etmektedir. A\u00e7\u0131k Yere Ile Geldiyseniz Pansuman Yaparak Sizleri Tedavi Etmekteyiz. Sa\u011fl\u0131k Konusunda Y\u0131llar\u0131n Vermi\u015f Oldu\u011fu Tecr\u00fcbe Ile Nas\u0131l Ve Ne \u015eekilde M\u00fcdahale Edece\u011fimizi \u00c7ok Iyi Biliyoruz. E\u011fitimli Ve Deneyimli Sa\u011fl\u0131k \u00c7al\u0131\u015fanlar\u0131m\u0131z Sizlere Bu Konuda Son Derece Titiz Bir Hizmet Vermektedir.<\/p>\n\n\n\n<p>       Herhangi Bir \u015eik\u00e2yetiniz Oldu\u011funda En Son Teknolojiye Sahip Sa\u011fl\u0131k Kabinimize Gelerek Gerekli Olan T\u00fcm Tetkikleri G\u00fcvenle Yapt\u0131rabilirsiniz.\u00a0 Ya Da Kendinizi K\u00f6t\u00fc Hissederseniz Yine Kabinimize Gelerek Tansiyonunuzu \u00d6l\u00e7t\u00fcrebilirsiniz. \u0130\u015finin Ehli Sa\u011fl\u0131k Personelimiz Kabinimizde K\u00fc\u00e7\u00fck Cerrahi M\u00fcdahaleler Yapmaktad\u0131r. Herhangi Bir Acil Durumda Bizlere Gelerek Ilk M\u00fcdahaleyi Yapt\u0131rabilirsiniz. Hepimizin En \u00c7ok \u00d6nemsedi\u011fi Sa\u011fl\u0131\u011f\u0131m\u0131z\u0131 Her Zaman Kontrol Alt\u0131nda Tutmam\u0131z Gerekmekte.<\/p>\n\n\n\n<p>       Sa\u011fl\u0131k Kabini\u00a0Sekt\u00f6r\u00fcnde Yepyeni Bir Proje Ile Sizlere Hizmet Vermekten Gurur Duymaktay\u0131z. Her Ne Sebeple Olursa Olsun Sa\u011fl\u0131\u011f\u0131n\u0131z Bizlere Emanet.\u00a0\u00a0Bizler I\u00e7in Sizlerin Sa\u011fl\u0131\u011f\u0131 Her Zaman Her \u015eeyden \u00d6nce Gelmektedir. Ekip Olarak Durmadan Dinlenmeden Sizlere Her Daim Hizmet Vermekteyiz.<\/p>\n<\/blockquote>\n\n\n\n<blockquote class=\"wp-block-quote\">\n<p><\/p>\n<\/blockquote>\n","protected":false},"excerpt":{"rendered":"<p>Sizlerin Daima Sa\u011fl\u0131\u011f\u0131n\u0131 D\u00fc\u015f\u00fcnen Bir I\u015fletme Olarak Her T\u00fcrl\u00fc Sa\u011fl\u0131k Hizmetlerini Sizlere Sunmaktay\u0131z. T\u00fcm D\u00fcnya\u2019n\u0131n G\u00fcn Ge\u00e7tik\u00e7e Daha \u00c7ok Sava\u015ft\u0131\u011f\u0131 Bu Sekt\u00f6rde Uzman Kadromuz Ile Sizler I\u00e7in Daima I\u015f Ba\u015f\u0131nday\u0131z. \u0130stedi\u011finiz Zaman Gelerek T\u00fcm Sa\u011fl\u0131k Hizmetlerimizden Yararlanabilirsiniz. Acil Tedavi Gerektirecek Hastal\u0131klarda Uzman Ekibimiz Sizlere An\u0131nda M\u00fcdahale Etmektedir. A\u00e7\u0131k Yere Ile Geldiyseniz Pansuman Yaparak Sizleri Tedavi [&hellip;]<\/p>\n","protected":false},"author":1,"featured_media":0,"parent":0,"menu_order":0,"comment_status":"closed","ping_status":"closed","template":"","meta":{"om_disable_all_campaigns":false,"_monsterinsights_skip_tracking":false,"_monsterinsights_sitenote_active":false,"_monsterinsights_sitenote_note":"","_monsterinsights_sitenote_category":0,"footnotes":""},"aioseo_notices":[],"_links":{"self":[{"href":"https:\/\/mersindoktorklinik.com\/index.php?rest_route=\/wp\/v2\/pages\/2"}],"collection":[{"href":"https:\/\/mersindoktorklinik.com\/index.php?rest_route=\/wp\/v2\/pages"}],"about":[{"href":"https:\/\/mersindoktorklinik.com\/index.php?rest_route=\/wp\/v2\/types\/page"}],"author":[{"embeddable":true,"href":"https:\/\/mersindoktorklinik.com\/index.php?rest_route=\/wp\/v2\/users\/1"}],"replies":[{"embeddable":true,"href":"https:\/\/mersindoktorklinik.com\/index.php?rest_route=%2Fwp%2Fv2%2Fcomments&post=2"}],"version-history":[{"count":1,"href":"https:\/\/mersindoktorklinik.com\/index.php?rest_route=\/wp\/v2\/pages\/2\/revisions"}],"predecessor-version":[{"id":154,"href":"https:\/\/mersindoktorklinik.com\/index.php?rest_route=\/wp\/v2\/pages\/2\/revisions\/154"}],"wp:attachment":[{"href":"https:\/\/mersindoktorklinik.com\/index.php?rest_route=%2Fwp%2Fv2%2Fmedia&parent=2"}],"curies":[{"name":"wp","href":"https:\/\/api.w.org\/{rel}","templated":true}]}}