{"id":51,"date":"2023-12-28T23:51:07","date_gmt":"2023-12-28T20:51:07","guid":{"rendered":"https:\/\/mersindoktorklinik.com\/?page_id=51"},"modified":"2023-12-29T00:33:11","modified_gmt":"2023-12-28T21:33:11","slug":"seker-olcumu-ve-takibi","status":"publish","type":"page","link":"https:\/\/mersindoktorklinik.com\/?page_id=51","title":{"rendered":"\u015eeker \u00d6l\u00e7\u00fcm\u00fc ve Takibi"},"content":{"rendered":"\n<p>\u0130htiyac\u0131n\u0131z Olan \u015eeker \u00d6l\u00e7\u00fcm Ve Takiplerini Klini\u011fimize Gelerek Yapt\u0131rabilirsiniz.\u00a0<br>\u00a0<\/p>\n\n\n\n<p>Diyabet D\u00fcnya\u2019da En S\u0131k G\u00f6r\u00fclen Kronik Hastal\u0131kt\u0131r. A\u011f\u0131r Organ Hasarlar\u0131na Ve Erken \u00d6l\u00fcmlere Neden Olabilir (Kaynak: IDF Diabetes Atlas, 2013). T\u00fcm Bu K\u00f6t\u00fc Sonu\u00e7lardan Korunmak I\u00e7in D\u00fczenli \u015eeker \u00d6l\u00e7\u00fcm\u00fc Ve Takibi \u00d6nemlidir. \u0130htiyac\u0131n\u0131z Olan \u015eeker \u00d6l\u00e7\u00fcm Ve Takiplerini Gerek Klini\u011fimize Gelerek\u00a0 Yapt\u0131rabilirsiniz.<\/p>\n\n\n\n<figure data-wp-context=\"{ &quot;core&quot;:\n\t\t\t\t{ &quot;image&quot;:\n\t\t\t\t\t{   &quot;imageLoaded&quot;: false,\n\t\t\t\t\t\t&quot;initialized&quot;: false,\n\t\t\t\t\t\t&quot;lightboxEnabled&quot;: false,\n\t\t\t\t\t\t&quot;hideAnimationEnabled&quot;: false,\n\t\t\t\t\t\t&quot;preloadInitialized&quot;: false,\n\t\t\t\t\t\t&quot;lightboxAnimation&quot;: &quot;zoom&quot;,\n\t\t\t\t\t\t&quot;imageUploadedSrc&quot;: &quot;https:\/\/mersindoktorklinik.com\/wp-content\/uploads\/2023\/12\/Adsiz-tasarim-25.png&quot;,\n\t\t\t\t\t\t&quot;imageCurrentSrc&quot;: &quot;&quot;,\n\t\t\t\t\t\t&quot;targetWidth&quot;: &quot;1080&quot;,\n\t\t\t\t\t\t&quot;targetHeight&quot;: &quot;1080&quot;,\n\t\t\t\t\t\t&quot;scaleAttr&quot;: &quot;cover&quot;,\n\t\t\t\t\t\t&quot;dialogLabel&quot;: &quot;B\u00fcy\u00fct\u00fclm\u00fc\u015f g\u00f6rsel&quot;\n\t\t\t\t\t}\n\t\t\t\t}\n\t\t\t}\" data-wp-interactive class=\"wp-block-image size-large is-resized wp-lightbox-container\"><img loading=\"lazy\" decoding=\"async\" width=\"1024\" height=\"1024\" data-wp-effect--setStylesOnResize=\"effects.core.image.setStylesOnResize\" data-wp-effect=\"effects.core.image.setButtonStyles\" data-wp-init=\"effects.core.image.initOriginImage\" data-wp-on--click=\"actions.core.image.showLightbox\" data-wp-on--load=\"actions.core.image.handleLoad\" src=\"https:\/\/mersindoktorklinik.com\/wp-content\/uploads\/2023\/12\/Adsiz-tasarim-25-1024x1024.png\" alt=\"\" class=\"wp-image-148\" style=\"object-fit:cover;width:300px;height:300px\" srcset=\"https:\/\/mersindoktorklinik.com\/wp-content\/uploads\/2023\/12\/Adsiz-tasarim-25-1024x1024.png 1024w, https:\/\/mersindoktorklinik.com\/wp-content\/uploads\/2023\/12\/Adsiz-tasarim-25-300x300.png 300w, https:\/\/mersindoktorklinik.com\/wp-content\/uploads\/2023\/12\/Adsiz-tasarim-25-150x150.png 150w, https:\/\/mersindoktorklinik.com\/wp-content\/uploads\/2023\/12\/Adsiz-tasarim-25-768x768.png 768w, https:\/\/mersindoktorklinik.com\/wp-content\/uploads\/2023\/12\/Adsiz-tasarim-25-75x75.png 75w, https:\/\/mersindoktorklinik.com\/wp-content\/uploads\/2023\/12\/Adsiz-tasarim-25.png 1080w\" sizes=\"(max-width: 1024px) 100vw, 1024px\" \/><button\n\t\t\tclass=\"lightbox-trigger\"\n\t\t\ttype=\"button\"\n\t\t\taria-haspopup=\"dialog\"\n\t\t\taria-label=\"G\u00f6rseli b\u00fcy\u00fct\"\n\t\t\tdata-wp-on--click=\"actions.core.image.showLightbox\"\n\t\t\tdata-wp-style--right=\"context.core.image.imageButtonRight\"\n\t\t\tdata-wp-style--top=\"context.core.image.imageButtonTop\"\n\t\t>\n\t\t\t<svg xmlns=\"http:\/\/www.w3.org\/2000\/svg\" width=\"12\" height=\"12\" fill=\"none\" viewBox=\"0 0 12 12\">\n\t\t\t\t<path fill=\"#fff\" d=\"M2 0a2 2 0 0 0-2 2v2h1.5V2a.5.5 0 0 1 .5-.5h2V0H2Zm2 10.5H2a.5.5 0 0 1-.5-.5V8H0v2a2 2 0 0 0 2 2h2v-1.5ZM8 12v-1.5h2a.5.5 0 0 0 .5-.5V8H12v2a2 2 0 0 1-2 2H8Zm2-12a2 2 0 0 1 2 2v2h-1.5V2a.5.5 0 0 0-.5-.5H8V0h2Z\" \/>\n\t\t\t<\/svg>\n\t\t<\/button>        <div data-wp-body=\"\" class=\"wp-lightbox-overlay zoom\"\n            data-wp-bind--role=\"selectors.core.image.roleAttribute\"\n            data-wp-bind--aria-label=\"selectors.core.image.dialogLabel\"\n            data-wp-class--initialized=\"context.core.image.initialized\"\n            data-wp-class--active=\"context.core.image.lightboxEnabled\"\n            data-wp-class--hideAnimationEnabled=\"context.core.image.hideAnimationEnabled\"\n            data-wp-bind--aria-modal=\"selectors.core.image.ariaModal\"\n            data-wp-effect=\"effects.core.image.initLightbox\"\n            data-wp-on--keydown=\"actions.core.image.handleKeydown\"\n            data-wp-on--touchstart=\"actions.core.image.handleTouchStart\"\n            data-wp-on--touchmove=\"actions.core.image.handleTouchMove\"\n            data-wp-on--touchend=\"actions.core.image.handleTouchEnd\"\n            data-wp-on--click=\"actions.core.image.hideLightbox\"\n            tabindex=\"-1\"\n            >\n                <button type=\"button\" aria-label=\"Kapat\" style=\"fill: #000\" class=\"close-button\" data-wp-on--click=\"actions.core.image.hideLightbox\">\n                    <svg xmlns=\"http:\/\/www.w3.org\/2000\/svg\" viewBox=\"0 0 24 24\" width=\"20\" height=\"20\" aria-hidden=\"true\" focusable=\"false\"><path d=\"M13 11.8l6.1-6.3-1-1-6.1 6.2-6.1-6.2-1 1 6.1 6.3-6.5 6.7 1 1 6.5-6.6 6.5 6.6 1-1z\"><\/path><\/svg>\n                <\/button>\n                <div class=\"lightbox-image-container\">\n<figure class=\"wp-block-image size-large is-resized responsive-image\"><img decoding=\"async\" data-wp-bind--src=\"context.core.image.imageCurrentSrc\" data-wp-style--object-fit=\"selectors.core.image.lightboxObjectFit\" src=\"\" alt=\"\" class=\"wp-image-148\" style=\"object-fit:cover;width:300px;height:300px\"\/><\/figure>\n<\/div>\n                <div class=\"lightbox-image-container\">\n<figure class=\"wp-block-image size-large is-resized enlarged-image\"><img decoding=\"async\" data-wp-bind--src=\"selectors.core.image.enlargedImgSrc\" data-wp-style--object-fit=\"selectors.core.image.lightboxObjectFit\" src=\"\" alt=\"\" class=\"wp-image-148\" style=\"object-fit:cover;width:300px;height:300px\"\/><\/figure>\n<\/div>\n                <div class=\"scrim\" style=\"background-color: #fff\" aria-hidden=\"true\"><\/div>\n        <\/div><\/figure>\n","protected":false},"excerpt":{"rendered":"<p>\u0130htiyac\u0131n\u0131z Olan \u015eeker \u00d6l\u00e7\u00fcm Ve Takiplerini Klini\u011fimize Gelerek Yapt\u0131rabilirsiniz.\u00a0\u00a0 Diyabet D\u00fcnya\u2019da En S\u0131k G\u00f6r\u00fclen Kronik Hastal\u0131kt\u0131r. A\u011f\u0131r Organ Hasarlar\u0131na Ve Erken \u00d6l\u00fcmlere Neden Olabilir (Kaynak: IDF Diabetes Atlas, 2013). T\u00fcm Bu K\u00f6t\u00fc Sonu\u00e7lardan Korunmak I\u00e7in D\u00fczenli \u015eeker \u00d6l\u00e7\u00fcm\u00fc Ve Takibi \u00d6nemlidir. \u0130htiyac\u0131n\u0131z Olan \u015eeker \u00d6l\u00e7\u00fcm Ve Takiplerini Gerek Klini\u011fimize Gelerek\u00a0 Yapt\u0131rabilirsiniz.<\/p>\n","protected":false},"author":1,"featured_media":0,"parent":0,"menu_order":0,"comment_status":"closed","ping_status":"closed","template":"","meta":{"om_disable_all_campaigns":false,"_monsterinsights_skip_tracking":false,"_monsterinsights_sitenote_active":false,"_monsterinsights_sitenote_note":"","_monsterinsights_sitenote_category":0,"footnotes":""},"aioseo_notices":[],"_links":{"self":[{"href":"https:\/\/mersindoktorklinik.com\/index.php?rest_route=\/wp\/v2\/pages\/51"}],"collection":[{"href":"https:\/\/mersindoktorklinik.com\/index.php?rest_route=\/wp\/v2\/pages"}],"about":[{"href":"https:\/\/mersindoktorklinik.com\/index.php?rest_route=\/wp\/v2\/types\/page"}],"author":[{"embeddable":true,"href":"https:\/\/mersindoktorklinik.com\/index.php?rest_route=\/wp\/v2\/users\/1"}],"replies":[{"embeddable":true,"href":"https:\/\/mersindoktorklinik.com\/index.php?rest_route=%2Fwp%2Fv2%2Fcomments&post=51"}],"version-history":[{"count":2,"href":"https:\/\/mersindoktorklinik.com\/index.php?rest_route=\/wp\/v2\/pages\/51\/revisions"}],"predecessor-version":[{"id":149,"href":"https:\/\/mersindoktorklinik.com\/index.php?rest_route=\/wp\/v2\/pages\/51\/revisions\/149"}],"wp:attachment":[{"href":"https:\/\/mersindoktorklinik.com\/index.php?rest_route=%2Fwp%2Fv2%2Fmedia&parent=51"}],"curies":[{"name":"wp","href":"https:\/\/api.w.org\/{rel}","templated":true}]}}